{"id":297,"date":"2021-09-13T05:09:16","date_gmt":"2021-09-13T08:09:16","guid":{"rendered":"https:\/\/gilsuc.com.br\/islandia\/?page_id=297"},"modified":"2021-11-26T11:34:00","modified_gmt":"2021-11-26T14:34:00","slug":"geleira","status":"publish","type":"page","link":"https:\/\/gilsuc.com.br\/islandia\/geleira\/","title":{"rendered":"Diamond Beach"},"content":{"rendered":"<p>Diamond Beach (Praia de Diamantes). Seu nome \u00e9 muito representativo, pois nessa praia \u00e9 poss\u00edvel&nbsp;ver icebergs flutuando no rio J\u00f6kuls\u00e1, o mais curto da Isl\u00e2ndia, at\u00e9 chegar ao mar.&nbsp;Quando a mar\u00e9 est\u00e1 baixa, os icebergs ficam presos na costa, possibilitando caminhar entre esses gigantescos diamantes de gelo.<\/p>\n<p>ngg_shortcode_0_placeholder<br \/>\n<iframe loading=\"lazy\" title=\"Foca_Diamond_beach.m4v\" src=\"https:\/\/player.vimeo.com\/video\/616070806?h=79dbc4d333&amp;title=0&amp;byline=0&amp;portrait=0&amp;speed=0&amp;badge=0&amp;autopause=0&amp;player_id=0&amp;app_id=58479\" width=\"960\" height=\"540\" frameborder=\"0\" allowfullscreen=\"allowfullscreen\"><\/iframe><\/p>\n<p>&nbsp;<\/p>\n","protected":false},"excerpt":{"rendered":"<p>Diamond Beach (Praia de Diamantes). Seu nome \u00e9 muito representativo, pois nessa praia \u00e9 poss\u00edvel&nbsp;ver icebergs flutuando no rio J\u00f6kuls\u00e1, o mais curto da Isl\u00e2ndia, at\u00e9 chegar ao mar.&nbsp;Quando a mar\u00e9 est\u00e1 baixa, os icebergs ficam presos na costa, possibilitando caminhar entre esses gigantescos diamantes de gelo. &nbsp;<\/p>\n","protected":false},"author":1,"featured_media":0,"parent":0,"menu_order":0,"comment_status":"open","ping_status":"closed","template":"page-templates\/full-width.php","meta":{"_monsterinsights_skip_tracking":false,"_monsterinsights_sitenote_active":false,"_monsterinsights_sitenote_note":"","_monsterinsights_sitenote_category":0,"ngg_post_thumbnail":0,"footnotes":""},"class_list":["post-297","page","type-page","status-publish","hentry"],"jetpack_sharing_enabled":true,"_links":{"self":[{"href":"https:\/\/gilsuc.com.br\/islandia\/wp-json\/wp\/v2\/pages\/297","targetHints":{"allow":["GET"]}}],"collection":[{"href":"https:\/\/gilsuc.com.br\/islandia\/wp-json\/wp\/v2\/pages"}],"about":[{"href":"https:\/\/gilsuc.com.br\/islandia\/wp-json\/wp\/v2\/types\/page"}],"author":[{"embeddable":true,"href":"https:\/\/gilsuc.com.br\/islandia\/wp-json\/wp\/v2\/users\/1"}],"replies":[{"embeddable":true,"href":"https:\/\/gilsuc.com.br\/islandia\/wp-json\/wp\/v2\/comments?post=297"}],"version-history":[{"count":10,"href":"https:\/\/gilsuc.com.br\/islandia\/wp-json\/wp\/v2\/pages\/297\/revisions"}],"predecessor-version":[{"id":2276,"href":"https:\/\/gilsuc.com.br\/islandia\/wp-json\/wp\/v2\/pages\/297\/revisions\/2276"}],"wp:attachment":[{"href":"https:\/\/gilsuc.com.br\/islandia\/wp-json\/wp\/v2\/media?parent=297"}],"curies":[{"name":"wp","href":"https:\/\/api.w.org\/{rel}","templated":true}]}}