{"id":2068,"date":"2021-09-26T23:10:50","date_gmt":"2021-09-27T02:10:50","guid":{"rendered":"https:\/\/gilsuc.com.br\/islandia\/?page_id=2068"},"modified":"2021-09-27T11:27:45","modified_gmt":"2021-09-27T14:27:45","slug":"gljufrabui","status":"publish","type":"page","link":"https:\/\/gilsuc.com.br\/islandia\/gljufrabui\/","title":{"rendered":"Glj\u00fafrab\u00fai"},"content":{"rendered":"<p>Embora muitas vezes passe despercebido, \u00e0 esquerda de Seljalandsfoss se encontra um dos tesouros mais bem guardados da costa sul da Isl\u00e2ndia: Glj\u00fafrab\u00fai.<\/p>\n<p>Apesar de ser menor que Seljalandsfoss, j\u00e1 que mede apenas 40 metros, o fato de Glj\u00fafrab\u00fai estar escondida dentro de um desfiladeiro a torna quase ainda mais surpreendente que a outra. Com cautela e precau\u00e7\u00e3o para n\u00e3o escorregar nas pedras molhadas, \u00e9 poss\u00edvel caminhar pela margem direita do riacho para observar a cascata Glj\u00fafrab\u00fai em todo o seu esplendor.<\/p>\n<p>ngg_shortcode_0_placeholder<br \/>\n<iframe loading=\"lazy\" title=\"3089921161028132-video.MOV\" src=\"https:\/\/player.vimeo.com\/video\/611895989?h=aa1ecb61d0&amp;badge=0&amp;autopause=0&amp;player_id=0&amp;app_id=58479\" width=\"540\" height=\"960\" frameborder=\"0\" allowfullscreen=\"allowfullscreen\"><span data-mce-type=\"bookmark\" style=\"display: inline-block; width: 0px; overflow: hidden; line-height: 0;\" class=\"mce_SELRES_start\">\ufeff<\/span><\/iframe><\/p>\n","protected":false},"excerpt":{"rendered":"<p>Embora muitas vezes passe despercebido, \u00e0 esquerda de Seljalandsfoss se encontra um dos tesouros mais bem guardados da costa sul da Isl\u00e2ndia: Glj\u00fafrab\u00fai. Apesar de ser menor que Seljalandsfoss, j\u00e1 que mede apenas 40 metros, o fato de Glj\u00fafrab\u00fai estar escondida dentro de um desfiladeiro a torna quase ainda mais surpreendente que a outra. Com &hellip; <a href=\"https:\/\/gilsuc.com.br\/islandia\/gljufrabui\/\" class=\"more-link\">Continuar a ler<span class=\"screen-reader-text\">Glj\u00fafrab\u00fai<\/span> <span class=\"meta-nav\">&rarr;<\/span><\/a><\/p>\n","protected":false},"author":1,"featured_media":0,"parent":0,"menu_order":0,"comment_status":"closed","ping_status":"closed","template":"page-templates\/full-width.php","meta":{"_monsterinsights_skip_tracking":false,"_monsterinsights_sitenote_active":false,"_monsterinsights_sitenote_note":"","_monsterinsights_sitenote_category":0,"ngg_post_thumbnail":0,"footnotes":""},"class_list":["post-2068","page","type-page","status-publish","hentry"],"jetpack_sharing_enabled":true,"_links":{"self":[{"href":"https:\/\/gilsuc.com.br\/islandia\/wp-json\/wp\/v2\/pages\/2068","targetHints":{"allow":["GET"]}}],"collection":[{"href":"https:\/\/gilsuc.com.br\/islandia\/wp-json\/wp\/v2\/pages"}],"about":[{"href":"https:\/\/gilsuc.com.br\/islandia\/wp-json\/wp\/v2\/types\/page"}],"author":[{"embeddable":true,"href":"https:\/\/gilsuc.com.br\/islandia\/wp-json\/wp\/v2\/users\/1"}],"replies":[{"embeddable":true,"href":"https:\/\/gilsuc.com.br\/islandia\/wp-json\/wp\/v2\/comments?post=2068"}],"version-history":[{"count":2,"href":"https:\/\/gilsuc.com.br\/islandia\/wp-json\/wp\/v2\/pages\/2068\/revisions"}],"predecessor-version":[{"id":2124,"href":"https:\/\/gilsuc.com.br\/islandia\/wp-json\/wp\/v2\/pages\/2068\/revisions\/2124"}],"wp:attachment":[{"href":"https:\/\/gilsuc.com.br\/islandia\/wp-json\/wp\/v2\/media?parent=2068"}],"curies":[{"name":"wp","href":"https:\/\/api.w.org\/{rel}","templated":true}]}}