{"id":2065,"date":"2021-09-26T23:08:44","date_gmt":"2021-09-27T02:08:44","guid":{"rendered":"https:\/\/gilsuc.com.br\/islandia\/?page_id=2065"},"modified":"2021-09-27T12:46:08","modified_gmt":"2021-09-27T15:46:08","slug":"seljalandsfoss","status":"publish","type":"page","link":"https:\/\/gilsuc.com.br\/islandia\/seljalandsfoss\/","title":{"rendered":"Seljalandsfoss"},"content":{"rendered":"<p>Com um salto de \u00e1gua que atinge 65 metros de altura, a cascata Seljalandsfoss \u00e9 uma das mais impressionantes do pa\u00eds.<\/p>\n<p>Seljalandsfoss tamb\u00e9m tem uma particularidade em rela\u00e7\u00e3o a outras cascatas da Isl\u00e2ndia: a possibilidade de passar por detr\u00e1s da cortina de \u00e1gua atrav\u00e9s de um caminho escorregadio, mas seguro. Neste caso, \u00e9 quase essencial trajar uma roupa imperme\u00e1vel, pois a \u00e1gua da cascata chega a v\u00e1rios metros de dist\u00e2ncia.<\/p>\n<p>ngg_shortcode_0_placeholder&nbsp;<br \/>\n<iframe loading=\"lazy\" src=\"https:\/\/player.vimeo.com\/video\/616070262?h=f12f61c9e3&amp;badge=0&amp;autopause=0&amp;player_id=0&amp;app_id=58479\" width=\"1024\" height=\"576\" frameborder=\"0\" allow=\"autoplay; fullscreen; picture-in-picture\" allowfullscreen title=\"PorTrasdasaguas.m4v\"><\/iframe><\/p>\n","protected":false},"excerpt":{"rendered":"<p>Com um salto de \u00e1gua que atinge 65 metros de altura, a cascata Seljalandsfoss \u00e9 uma das mais impressionantes do pa\u00eds. Seljalandsfoss tamb\u00e9m tem uma particularidade em rela\u00e7\u00e3o a outras cascatas da Isl\u00e2ndia: a possibilidade de passar por detr\u00e1s da cortina de \u00e1gua atrav\u00e9s de um caminho escorregadio, mas seguro. Neste caso, \u00e9 quase essencial &hellip; <a href=\"https:\/\/gilsuc.com.br\/islandia\/seljalandsfoss\/\" class=\"more-link\">Continuar a ler<span class=\"screen-reader-text\">Seljalandsfoss<\/span> <span class=\"meta-nav\">&rarr;<\/span><\/a><\/p>\n","protected":false},"author":1,"featured_media":0,"parent":0,"menu_order":0,"comment_status":"closed","ping_status":"closed","template":"","meta":{"_monsterinsights_skip_tracking":false,"_monsterinsights_sitenote_active":false,"_monsterinsights_sitenote_note":"","_monsterinsights_sitenote_category":0,"ngg_post_thumbnail":0,"footnotes":""},"class_list":["post-2065","page","type-page","status-publish","hentry"],"jetpack_sharing_enabled":true,"_links":{"self":[{"href":"https:\/\/gilsuc.com.br\/islandia\/wp-json\/wp\/v2\/pages\/2065","targetHints":{"allow":["GET"]}}],"collection":[{"href":"https:\/\/gilsuc.com.br\/islandia\/wp-json\/wp\/v2\/pages"}],"about":[{"href":"https:\/\/gilsuc.com.br\/islandia\/wp-json\/wp\/v2\/types\/page"}],"author":[{"embeddable":true,"href":"https:\/\/gilsuc.com.br\/islandia\/wp-json\/wp\/v2\/users\/1"}],"replies":[{"embeddable":true,"href":"https:\/\/gilsuc.com.br\/islandia\/wp-json\/wp\/v2\/comments?post=2065"}],"version-history":[{"count":4,"href":"https:\/\/gilsuc.com.br\/islandia\/wp-json\/wp\/v2\/pages\/2065\/revisions"}],"predecessor-version":[{"id":2254,"href":"https:\/\/gilsuc.com.br\/islandia\/wp-json\/wp\/v2\/pages\/2065\/revisions\/2254"}],"wp:attachment":[{"href":"https:\/\/gilsuc.com.br\/islandia\/wp-json\/wp\/v2\/media?parent=2065"}],"curies":[{"name":"wp","href":"https:\/\/api.w.org\/{rel}","templated":true}]}}