{"id":1792,"date":"2021-09-22T19:22:19","date_gmt":"2021-09-22T22:22:19","guid":{"rendered":"https:\/\/gilsuc.com.br\/islandia\/?page_id=1792"},"modified":"2021-09-27T12:52:02","modified_gmt":"2021-09-27T15:52:02","slug":"skogafoss","status":"publish","type":"page","link":"https:\/\/gilsuc.com.br\/islandia\/skogafoss\/","title":{"rendered":"Skogafoss"},"content":{"rendered":"<p>Sk\u00f3gafoss, na costa sul do pa\u00eds, \u00e9 considerada uma das cascatas mais belas da Isl\u00e2ndia.<\/p>\n<h2>Sk\u00f3gafoss em Vikings<\/h2>\n<p>Entre os muitos&nbsp;<a title=\"Filmes e s\u00e9ries Isl\u00e2ndia\" href=\"https:\/\/pt.islandia.com\/filmes-series-islandia\">filmes e s\u00e9ries gravados&nbsp;na Isl\u00e2ndia<\/a>,&nbsp;<em>Vikings<\/em>&nbsp;\u00e9 uma dos mais importantes. Al\u00e9m de outros lugares t\u00e3o especiais da ilha, como Reynisdrangar e&nbsp;a praia negra de&nbsp;<a title=\"V\u00edk\" href=\"https:\/\/pt.islandia.com\/vik\">V\u00edk<\/a>, Sk\u00f3gafoss \u00e9 um dos locais com mais apari\u00e7\u00f5es na s\u00e9rie do canal Hist\u00f3ria.<\/p>\n<p>Curiosamente, como acontece com os turistas que a visitam,&nbsp;<strong>a cascata Sk\u00f3gafoss aparece na s\u00e9rie&nbsp;<em>Vikings<\/em>&nbsp;<\/strong>e deixa<strong>&nbsp;Floki,&nbsp;<\/strong>um dos protagonistas mais carism\u00e1ticos da s\u00e9rie,&nbsp;boquiaberto.<\/p>\n<p>ngg_shortcode_0_placeholder<br \/>\n<iframe loading=\"lazy\" title=\"SkogaFoss_video\" src=\"https:\/\/player.vimeo.com\/video\/611896277?h=58149f7bb8&amp;title=0&amp;byline=0&amp;portrait=0&amp;speed=0&amp;badge=0&amp;autopause=0&amp;player_id=0&amp;app_id=58479\" width=\"1024\" height=\"576\" frameborder=\"0\" allowfullscreen=\"allowfullscreen\"><\/iframe><\/p>\n","protected":false},"excerpt":{"rendered":"<p>Sk\u00f3gafoss, na costa sul do pa\u00eds, \u00e9 considerada uma das cascatas mais belas da Isl\u00e2ndia. Sk\u00f3gafoss em Vikings Entre os muitos&nbsp;filmes e s\u00e9ries gravados&nbsp;na Isl\u00e2ndia,&nbsp;Vikings&nbsp;\u00e9 uma dos mais importantes. Al\u00e9m de outros lugares t\u00e3o especiais da ilha, como Reynisdrangar e&nbsp;a praia negra de&nbsp;V\u00edk, Sk\u00f3gafoss \u00e9 um dos locais com mais apari\u00e7\u00f5es na s\u00e9rie do canal &hellip; <a href=\"https:\/\/gilsuc.com.br\/islandia\/skogafoss\/\" class=\"more-link\">Continuar a ler<span class=\"screen-reader-text\">Skogafoss<\/span> <span class=\"meta-nav\">&rarr;<\/span><\/a><\/p>\n","protected":false},"author":1,"featured_media":0,"parent":0,"menu_order":0,"comment_status":"open","ping_status":"closed","template":"","meta":{"_monsterinsights_skip_tracking":false,"_monsterinsights_sitenote_active":false,"_monsterinsights_sitenote_note":"","_monsterinsights_sitenote_category":0,"ngg_post_thumbnail":0,"footnotes":""},"class_list":["post-1792","page","type-page","status-publish","hentry"],"jetpack_sharing_enabled":true,"_links":{"self":[{"href":"https:\/\/gilsuc.com.br\/islandia\/wp-json\/wp\/v2\/pages\/1792","targetHints":{"allow":["GET"]}}],"collection":[{"href":"https:\/\/gilsuc.com.br\/islandia\/wp-json\/wp\/v2\/pages"}],"about":[{"href":"https:\/\/gilsuc.com.br\/islandia\/wp-json\/wp\/v2\/types\/page"}],"author":[{"embeddable":true,"href":"https:\/\/gilsuc.com.br\/islandia\/wp-json\/wp\/v2\/users\/1"}],"replies":[{"embeddable":true,"href":"https:\/\/gilsuc.com.br\/islandia\/wp-json\/wp\/v2\/comments?post=1792"}],"version-history":[{"count":5,"href":"https:\/\/gilsuc.com.br\/islandia\/wp-json\/wp\/v2\/pages\/1792\/revisions"}],"predecessor-version":[{"id":2255,"href":"https:\/\/gilsuc.com.br\/islandia\/wp-json\/wp\/v2\/pages\/1792\/revisions\/2255"}],"wp:attachment":[{"href":"https:\/\/gilsuc.com.br\/islandia\/wp-json\/wp\/v2\/media?parent=1792"}],"curies":[{"name":"wp","href":"https:\/\/api.w.org\/{rel}","templated":true}]}}