{"id":1790,"date":"2021-09-22T19:21:56","date_gmt":"2021-09-22T22:21:56","guid":{"rendered":"https:\/\/gilsuc.com.br\/islandia\/?page_id=1790"},"modified":"2021-09-25T22:01:52","modified_gmt":"2021-09-26T01:01:52","slug":"detifoss","status":"publish","type":"page","link":"https:\/\/gilsuc.com.br\/islandia\/detifoss\/","title":{"rendered":"Detifoss"},"content":{"rendered":"<p>Dettifoss \u00e9 uma espetacular&nbsp;catarata de 45 metros de altura e 100 de largura&nbsp;no meio de uma&nbsp;paisagem lunar completamente deserta. Al\u00e9m dists, destaca-se por ser a cascata com maior volume de \u00e1gua da Europa: possui uma vaz\u00e3o&nbsp;aproximada&nbsp;de&nbsp;400 metros c\u00fabicos de \u00e1gua por segundo. \u00c9 impressionante ver como a \u00e1gua cai do&nbsp;rio J\u00f6kuls\u00e1 \u00e1 Fj\u00f6llum&nbsp;com uma f\u00faria incontrol\u00e1vel no meio de uma paisagem solit\u00e1ria e selvagem,<\/p>\nngg_shortcode_0_placeholder\n","protected":false},"excerpt":{"rendered":"<p>Dettifoss \u00e9 uma espetacular&nbsp;catarata de 45 metros de altura e 100 de largura&nbsp;no meio de uma&nbsp;paisagem lunar completamente deserta. Al\u00e9m dists, destaca-se por ser a cascata com maior volume de \u00e1gua da Europa: possui uma vaz\u00e3o&nbsp;aproximada&nbsp;de&nbsp;400 metros c\u00fabicos de \u00e1gua por segundo. \u00c9 impressionante ver como a \u00e1gua cai do&nbsp;rio J\u00f6kuls\u00e1 \u00e1 Fj\u00f6llum&nbsp;com uma f\u00faria &hellip; <a href=\"https:\/\/gilsuc.com.br\/islandia\/detifoss\/\" class=\"more-link\">Continuar a ler<span class=\"screen-reader-text\">Detifoss<\/span> <span class=\"meta-nav\">&rarr;<\/span><\/a><\/p>\n","protected":false},"author":1,"featured_media":0,"parent":0,"menu_order":0,"comment_status":"open","ping_status":"closed","template":"page-templates\/full-width.php","meta":{"_monsterinsights_skip_tracking":false,"_monsterinsights_sitenote_active":false,"_monsterinsights_sitenote_note":"","_monsterinsights_sitenote_category":0,"ngg_post_thumbnail":0,"footnotes":""},"class_list":["post-1790","page","type-page","status-publish","hentry"],"jetpack_sharing_enabled":true,"_links":{"self":[{"href":"https:\/\/gilsuc.com.br\/islandia\/wp-json\/wp\/v2\/pages\/1790","targetHints":{"allow":["GET"]}}],"collection":[{"href":"https:\/\/gilsuc.com.br\/islandia\/wp-json\/wp\/v2\/pages"}],"about":[{"href":"https:\/\/gilsuc.com.br\/islandia\/wp-json\/wp\/v2\/types\/page"}],"author":[{"embeddable":true,"href":"https:\/\/gilsuc.com.br\/islandia\/wp-json\/wp\/v2\/users\/1"}],"replies":[{"embeddable":true,"href":"https:\/\/gilsuc.com.br\/islandia\/wp-json\/wp\/v2\/comments?post=1790"}],"version-history":[{"count":3,"href":"https:\/\/gilsuc.com.br\/islandia\/wp-json\/wp\/v2\/pages\/1790\/revisions"}],"predecessor-version":[{"id":1827,"href":"https:\/\/gilsuc.com.br\/islandia\/wp-json\/wp\/v2\/pages\/1790\/revisions\/1827"}],"wp:attachment":[{"href":"https:\/\/gilsuc.com.br\/islandia\/wp-json\/wp\/v2\/media?parent=1790"}],"curies":[{"name":"wp","href":"https:\/\/api.w.org\/{rel}","templated":true}]}}