{"id":1634,"date":"2021-09-22T14:28:47","date_gmt":"2021-09-22T17:28:47","guid":{"rendered":"https:\/\/gilsuc.com.br\/islandia\/?page_id=1634"},"modified":"2021-09-25T22:01:52","modified_gmt":"2021-09-26T01:01:52","slug":"hverir","status":"publish","type":"page","link":"https:\/\/gilsuc.com.br\/islandia\/hverir\/","title":{"rendered":"Hverir"},"content":{"rendered":"<p>Hverir \u00e9&nbsp;<strong>uma das zonas geotermais mais ativas da Isl\u00e2ndia<\/strong>. Tamb\u00e9m conhecida como&nbsp;Hverar\u00f6nd, esta regi\u00e3o destaca-se pela cor avermelhada das suas paisagens e, principalmente, pelas&nbsp;<strong>numerosas fumarolas e po\u00e7as de lodo fervendo<\/strong>, distribu\u00eddas ao largo de v\u00e1rios quil\u00f4metros.<\/p>\n<p>Apesar do intenso odor a enxofre, a curiosa atividade geotermal convida todos os visitantes a percorrerem as suas trilhas e a&nbsp;<strong>admirarem as belezas do&nbsp;interior do nosso planeta<\/strong>. Devido ao imenso calor do subsolo de Hverir, \u00e9 muito importante&nbsp;<strong>n\u00e3o se desviar dos caminhos delimitados<\/strong>, tanto para preservar esta joia do&nbsp;<a title=\"Lago M\u00fdvatn\" href=\"https:\/\/pt.islandia.com\/lago-myvatn-leste-islandia\">Lago M\u00fdvatn<\/a>, como para evitar queimar-se com o vapor das fumarolas ou meter o p\u00e9 num dos loda\u00e7ais em ebuli\u00e7\u00e3o.<\/p>\n<p>ngg_shortcode_0_placeholder<br \/>\n<iframe loading=\"lazy\" title=\"Hverir_1.MOV\" src=\"https:\/\/player.vimeo.com\/video\/611892060?h=2fdd678501&amp;badge=0&amp;autopause=0&amp;player_id=0&amp;app_id=58479\" width=\"480\" height=\"270\" frameborder=\"0\" allowfullscreen=\"allowfullscreen\"><\/iframe><\/p>\n<p><iframe loading=\"lazy\" title=\"Hverir.MOV\" src=\"https:\/\/player.vimeo.com\/video\/611891797?h=fe6a07c890&amp;badge=0&amp;autopause=0&amp;player_id=0&amp;app_id=58479\" width=\"480\" height=\"270\" frameborder=\"0\" allowfullscreen=\"allowfullscreen\"><\/iframe><\/p>\n","protected":false},"excerpt":{"rendered":"<p>Hverir \u00e9&nbsp;uma das zonas geotermais mais ativas da Isl\u00e2ndia. Tamb\u00e9m conhecida como&nbsp;Hverar\u00f6nd, esta regi\u00e3o destaca-se pela cor avermelhada das suas paisagens e, principalmente, pelas&nbsp;numerosas fumarolas e po\u00e7as de lodo fervendo, distribu\u00eddas ao largo de v\u00e1rios quil\u00f4metros. Apesar do intenso odor a enxofre, a curiosa atividade geotermal convida todos os visitantes a percorrerem as suas trilhas &hellip; <a href=\"https:\/\/gilsuc.com.br\/islandia\/hverir\/\" class=\"more-link\">Continuar a ler<span class=\"screen-reader-text\">Hverir<\/span> <span class=\"meta-nav\">&rarr;<\/span><\/a><\/p>\n","protected":false},"author":1,"featured_media":0,"parent":0,"menu_order":0,"comment_status":"open","ping_status":"closed","template":"page-templates\/full-width.php","meta":{"_monsterinsights_skip_tracking":false,"_monsterinsights_sitenote_active":false,"_monsterinsights_sitenote_note":"","_monsterinsights_sitenote_category":0,"ngg_post_thumbnail":0,"footnotes":""},"class_list":["post-1634","page","type-page","status-publish","hentry"],"jetpack_sharing_enabled":true,"_links":{"self":[{"href":"https:\/\/gilsuc.com.br\/islandia\/wp-json\/wp\/v2\/pages\/1634","targetHints":{"allow":["GET"]}}],"collection":[{"href":"https:\/\/gilsuc.com.br\/islandia\/wp-json\/wp\/v2\/pages"}],"about":[{"href":"https:\/\/gilsuc.com.br\/islandia\/wp-json\/wp\/v2\/types\/page"}],"author":[{"embeddable":true,"href":"https:\/\/gilsuc.com.br\/islandia\/wp-json\/wp\/v2\/users\/1"}],"replies":[{"embeddable":true,"href":"https:\/\/gilsuc.com.br\/islandia\/wp-json\/wp\/v2\/comments?post=1634"}],"version-history":[{"count":7,"href":"https:\/\/gilsuc.com.br\/islandia\/wp-json\/wp\/v2\/pages\/1634\/revisions"}],"predecessor-version":[{"id":1817,"href":"https:\/\/gilsuc.com.br\/islandia\/wp-json\/wp\/v2\/pages\/1634\/revisions\/1817"}],"wp:attachment":[{"href":"https:\/\/gilsuc.com.br\/islandia\/wp-json\/wp\/v2\/media?parent=1634"}],"curies":[{"name":"wp","href":"https:\/\/api.w.org\/{rel}","templated":true}]}}