{"id":1612,"date":"2021-09-22T14:22:44","date_gmt":"2021-09-22T17:22:44","guid":{"rendered":"https:\/\/gilsuc.com.br\/islandia\/?page_id=1612"},"modified":"2021-09-25T22:01:52","modified_gmt":"2021-09-26T01:01:52","slug":"gullfoss","status":"publish","type":"page","link":"https:\/\/gilsuc.com.br\/islandia\/gullfoss\/","title":{"rendered":"Gullfoss"},"content":{"rendered":"<p>Gullfoss n\u00e3o \u00e9 apenas a catarata mais conhecida da Isl\u00e2ndia, mas tamb\u00e9m uma das mais chamativas e surpreendentes devido&nbsp;\u00e0 sua dupla&nbsp;<strong>cascata de 31 metros de altura em total<\/strong><\/p>\nngg_shortcode_0_placeholder\n","protected":false},"excerpt":{"rendered":"<p>Gullfoss n\u00e3o \u00e9 apenas a catarata mais conhecida da Isl\u00e2ndia, mas tamb\u00e9m uma das mais chamativas e surpreendentes devido&nbsp;\u00e0 sua dupla&nbsp;cascata de 31 metros de altura em total<\/p>\n","protected":false},"author":1,"featured_media":0,"parent":0,"menu_order":0,"comment_status":"open","ping_status":"closed","template":"page-templates\/full-width.php","meta":{"_monsterinsights_skip_tracking":false,"_monsterinsights_sitenote_active":false,"_monsterinsights_sitenote_note":"","_monsterinsights_sitenote_category":0,"ngg_post_thumbnail":0,"footnotes":""},"class_list":["post-1612","page","type-page","status-publish","hentry"],"jetpack_sharing_enabled":true,"_links":{"self":[{"href":"https:\/\/gilsuc.com.br\/islandia\/wp-json\/wp\/v2\/pages\/1612","targetHints":{"allow":["GET"]}}],"collection":[{"href":"https:\/\/gilsuc.com.br\/islandia\/wp-json\/wp\/v2\/pages"}],"about":[{"href":"https:\/\/gilsuc.com.br\/islandia\/wp-json\/wp\/v2\/types\/page"}],"author":[{"embeddable":true,"href":"https:\/\/gilsuc.com.br\/islandia\/wp-json\/wp\/v2\/users\/1"}],"replies":[{"embeddable":true,"href":"https:\/\/gilsuc.com.br\/islandia\/wp-json\/wp\/v2\/comments?post=1612"}],"version-history":[{"count":3,"href":"https:\/\/gilsuc.com.br\/islandia\/wp-json\/wp\/v2\/pages\/1612\/revisions"}],"predecessor-version":[{"id":1816,"href":"https:\/\/gilsuc.com.br\/islandia\/wp-json\/wp\/v2\/pages\/1612\/revisions\/1816"}],"wp:attachment":[{"href":"https:\/\/gilsuc.com.br\/islandia\/wp-json\/wp\/v2\/media?parent=1612"}],"curies":[{"name":"wp","href":"https:\/\/api.w.org\/{rel}","templated":true}]}}