{"id":1457,"date":"2021-09-22T13:38:42","date_gmt":"2021-09-22T16:38:42","guid":{"rendered":"https:\/\/gilsuc.com.br\/islandia\/?page_id=1457"},"modified":"2021-09-25T22:01:52","modified_gmt":"2021-09-26T01:01:52","slug":"grindavik","status":"publish","type":"page","link":"https:\/\/gilsuc.com.br\/islandia\/grindavik\/","title":{"rendered":"Grindav\u00edk &#8211; Vulc\u00e3o"},"content":{"rendered":"<p>Esse \u00e9 o vulc\u00e3o que entrou em atividade. Nesse dia , estava &#8220;quieto&#8221;&#8230;<br \/>\nngg_shortcode_0_placeholder<\/p>\n","protected":false},"excerpt":{"rendered":"<p>Esse \u00e9 o vulc\u00e3o que entrou em atividade. Nesse dia , estava &#8220;quieto&#8221;&#8230;<\/p>\n","protected":false},"author":1,"featured_media":0,"parent":0,"menu_order":0,"comment_status":"open","ping_status":"closed","template":"page-templates\/full-width.php","meta":{"_monsterinsights_skip_tracking":false,"_monsterinsights_sitenote_active":false,"_monsterinsights_sitenote_note":"","_monsterinsights_sitenote_category":0,"ngg_post_thumbnail":0,"footnotes":""},"class_list":["post-1457","page","type-page","status-publish","hentry"],"jetpack_sharing_enabled":true,"_links":{"self":[{"href":"https:\/\/gilsuc.com.br\/islandia\/wp-json\/wp\/v2\/pages\/1457","targetHints":{"allow":["GET"]}}],"collection":[{"href":"https:\/\/gilsuc.com.br\/islandia\/wp-json\/wp\/v2\/pages"}],"about":[{"href":"https:\/\/gilsuc.com.br\/islandia\/wp-json\/wp\/v2\/types\/page"}],"author":[{"embeddable":true,"href":"https:\/\/gilsuc.com.br\/islandia\/wp-json\/wp\/v2\/users\/1"}],"replies":[{"embeddable":true,"href":"https:\/\/gilsuc.com.br\/islandia\/wp-json\/wp\/v2\/comments?post=1457"}],"version-history":[{"count":3,"href":"https:\/\/gilsuc.com.br\/islandia\/wp-json\/wp\/v2\/pages\/1457\/revisions"}],"predecessor-version":[{"id":1760,"href":"https:\/\/gilsuc.com.br\/islandia\/wp-json\/wp\/v2\/pages\/1457\/revisions\/1760"}],"wp:attachment":[{"href":"https:\/\/gilsuc.com.br\/islandia\/wp-json\/wp\/v2\/media?parent=1457"}],"curies":[{"name":"wp","href":"https:\/\/api.w.org\/{rel}","templated":true}]}}