{"id":1301,"date":"2021-09-22T00:03:54","date_gmt":"2021-09-22T03:03:54","guid":{"rendered":"https:\/\/gilsuc.com.br\/islandia\/?page_id=1301"},"modified":"2021-09-27T12:56:23","modified_gmt":"2021-09-27T15:56:23","slug":"parque","status":"publish","type":"page","link":"https:\/\/gilsuc.com.br\/islandia\/parque\/","title":{"rendered":"Parque Thingvellir"},"content":{"rendered":"<p>O Parque Nacional de Thingvellir \u00e9 \u00fanico no mundo&nbsp;devido \u00e0s suas paisagens, pela fauna e flora existente no Lago Thingvallavatn e, sobretudo, pela sua situa\u00e7\u00e3o geogr\u00e1fica. O parque est\u00e1&nbsp;cheio&nbsp;de fissuras,&nbsp;como Almannagj\u00e1 ou Silfra, produzidas pela&nbsp;separa\u00e7\u00e3o das placas tect\u00f4nicas da Am\u00e9rica do Norte e a Eur\u00e1sia&nbsp;nesse local.<\/p>\n<p>ngg_shortcode_0_placeholder<br \/>\n<iframe loading=\"lazy\" title=\"Parque.m4v\" src=\"https:\/\/player.vimeo.com\/video\/616070534?h=32802acef2&amp;badge=0&amp;autopause=0&amp;player_id=0&amp;app_id=58479\" width=\"1024\" height=\"576\" frameborder=\"0\" allowfullscreen=\"allowfullscreen\"><\/iframe><\/p>\n","protected":false},"excerpt":{"rendered":"<p>O Parque Nacional de Thingvellir \u00e9 \u00fanico no mundo&nbsp;devido \u00e0s suas paisagens, pela fauna e flora existente no Lago Thingvallavatn e, sobretudo, pela sua situa\u00e7\u00e3o geogr\u00e1fica. O parque est\u00e1&nbsp;cheio&nbsp;de fissuras,&nbsp;como Almannagj\u00e1 ou Silfra, produzidas pela&nbsp;separa\u00e7\u00e3o das placas tect\u00f4nicas da Am\u00e9rica do Norte e a Eur\u00e1sia&nbsp;nesse local.<\/p>\n","protected":false},"author":1,"featured_media":0,"parent":0,"menu_order":0,"comment_status":"open","ping_status":"closed","template":"","meta":{"_monsterinsights_skip_tracking":false,"_monsterinsights_sitenote_active":false,"_monsterinsights_sitenote_note":"","_monsterinsights_sitenote_category":0,"ngg_post_thumbnail":0,"footnotes":""},"class_list":["post-1301","page","type-page","status-publish","hentry"],"jetpack_sharing_enabled":true,"_links":{"self":[{"href":"https:\/\/gilsuc.com.br\/islandia\/wp-json\/wp\/v2\/pages\/1301","targetHints":{"allow":["GET"]}}],"collection":[{"href":"https:\/\/gilsuc.com.br\/islandia\/wp-json\/wp\/v2\/pages"}],"about":[{"href":"https:\/\/gilsuc.com.br\/islandia\/wp-json\/wp\/v2\/types\/page"}],"author":[{"embeddable":true,"href":"https:\/\/gilsuc.com.br\/islandia\/wp-json\/wp\/v2\/users\/1"}],"replies":[{"embeddable":true,"href":"https:\/\/gilsuc.com.br\/islandia\/wp-json\/wp\/v2\/comments?post=1301"}],"version-history":[{"count":5,"href":"https:\/\/gilsuc.com.br\/islandia\/wp-json\/wp\/v2\/pages\/1301\/revisions"}],"predecessor-version":[{"id":2256,"href":"https:\/\/gilsuc.com.br\/islandia\/wp-json\/wp\/v2\/pages\/1301\/revisions\/2256"}],"wp:attachment":[{"href":"https:\/\/gilsuc.com.br\/islandia\/wp-json\/wp\/v2\/media?parent=1301"}],"curies":[{"name":"wp","href":"https:\/\/api.w.org\/{rel}","templated":true}]}}