{"id":1213,"date":"2021-09-21T23:08:28","date_gmt":"2021-09-22T02:08:28","guid":{"rendered":"https:\/\/gilsuc.com.br\/islandia\/?page_id=1213"},"modified":"2021-09-25T22:01:52","modified_gmt":"2021-09-26T01:01:52","slug":"geleira2","status":"publish","type":"page","link":"https:\/\/gilsuc.com.br\/islandia\/geleira2\/","title":{"rendered":"Geleira 2"},"content":{"rendered":"<p>J\u00f6kuls\u00e1rl\u00f3n \u00e9 a lagoa glacial mais famosa e tamb\u00e9m a maior da Isl\u00e2ndia, com uma \u00e1rea de aproximadamente 20 quil\u00f4metros quadrados e mais de 200 metros de profundidade. Al\u00e9m de seu tamanho, esta lagoa \u00e9 um destino essencial em qualquer&nbsp;<a title=\"Rotas para percorrer a Isl\u00e2ndia \" href=\"https:\/\/pt.islandia.com\/rota-10-dias-islandia\">rota pela Isl\u00e2ndia<\/a>&nbsp;devido&nbsp;ao grande n\u00famero de icebergs que flutuam em suas \u00e1guas.<\/p>\nngg_shortcode_0_placeholder\n","protected":false},"excerpt":{"rendered":"<p>J\u00f6kuls\u00e1rl\u00f3n \u00e9 a lagoa glacial mais famosa e tamb\u00e9m a maior da Isl\u00e2ndia, com uma \u00e1rea de aproximadamente 20 quil\u00f4metros quadrados e mais de 200 metros de profundidade. Al\u00e9m de seu tamanho, esta lagoa \u00e9 um destino essencial em qualquer&nbsp;rota pela Isl\u00e2ndia&nbsp;devido&nbsp;ao grande n\u00famero de icebergs que flutuam em suas \u00e1guas.<\/p>\n","protected":false},"author":1,"featured_media":0,"parent":0,"menu_order":0,"comment_status":"open","ping_status":"closed","template":"page-templates\/full-width.php","meta":{"_monsterinsights_skip_tracking":false,"_monsterinsights_sitenote_active":false,"_monsterinsights_sitenote_note":"","_monsterinsights_sitenote_category":0,"ngg_post_thumbnail":0,"footnotes":""},"class_list":["post-1213","page","type-page","status-publish","hentry"],"jetpack_sharing_enabled":true,"_links":{"self":[{"href":"https:\/\/gilsuc.com.br\/islandia\/wp-json\/wp\/v2\/pages\/1213","targetHints":{"allow":["GET"]}}],"collection":[{"href":"https:\/\/gilsuc.com.br\/islandia\/wp-json\/wp\/v2\/pages"}],"about":[{"href":"https:\/\/gilsuc.com.br\/islandia\/wp-json\/wp\/v2\/types\/page"}],"author":[{"embeddable":true,"href":"https:\/\/gilsuc.com.br\/islandia\/wp-json\/wp\/v2\/users\/1"}],"replies":[{"embeddable":true,"href":"https:\/\/gilsuc.com.br\/islandia\/wp-json\/wp\/v2\/comments?post=1213"}],"version-history":[{"count":2,"href":"https:\/\/gilsuc.com.br\/islandia\/wp-json\/wp\/v2\/pages\/1213\/revisions"}],"predecessor-version":[{"id":1828,"href":"https:\/\/gilsuc.com.br\/islandia\/wp-json\/wp\/v2\/pages\/1213\/revisions\/1828"}],"wp:attachment":[{"href":"https:\/\/gilsuc.com.br\/islandia\/wp-json\/wp\/v2\/media?parent=1213"}],"curies":[{"name":"wp","href":"https:\/\/api.w.org\/{rel}","templated":true}]}}