{"id":1085,"date":"2021-09-21T12:03:52","date_gmt":"2021-09-21T15:03:52","guid":{"rendered":"https:\/\/gilsuc.com.br\/islandia\/?page_id=1085"},"modified":"2021-09-26T22:33:05","modified_gmt":"2021-09-27T01:33:05","slug":"aurora-1","status":"publish","type":"page","link":"https:\/\/gilsuc.com.br\/islandia\/aurora-1\/","title":{"rendered":"Aurora 1"},"content":{"rendered":"<h5>O que \u00e9 a aurora boreal?<\/h5>\n<p>A aurora boreal,&nbsp;tamb\u00e9m conhecida como as luzes do norte, \u00e9 um fen\u00f4meno natural que outrora se relacionava com os esp\u00edritos e a mitologia, mas que hoje pode ser explicado&nbsp;gra\u00e7as \u00e0 ci\u00eancia.<\/p>\n<p>As auroras boreais s\u00e3o produzidas quando umas part\u00edculas provenientes do Sol, conhecidas como &#8220;vento solar&#8221;, chocam com a magnetosfera do nosso planeta. Desta maneira,&nbsp;o contato entre o vento solar e o oxig\u00eanio, nitrog\u00eanio e hidrog\u00eanio&nbsp;desta camada protetora a mais de 500 quil\u00f4metros de altura&nbsp;cria as famosas auroras boreais. Estas s\u00e3o atra\u00eddas pelo magnetismo da Terra, tanto no C\u00edrculo Polar \u00c1rtico (perto de onde se encontra a Isl\u00e2ndia)&nbsp;como no Ant\u00e1rtico, no hemisf\u00e9rio sul (neste caso, chamam-se auroras austrais).<\/p>\nngg_shortcode_0_placeholder\n","protected":false},"excerpt":{"rendered":"<p>O que \u00e9 a aurora boreal? A aurora boreal,&nbsp;tamb\u00e9m conhecida como as luzes do norte, \u00e9 um fen\u00f4meno natural que outrora se relacionava com os esp\u00edritos e a mitologia, mas que hoje pode ser explicado&nbsp;gra\u00e7as \u00e0 ci\u00eancia. As auroras boreais s\u00e3o produzidas quando umas part\u00edculas provenientes do Sol, conhecidas como &#8220;vento solar&#8221;, chocam com a &hellip; <a href=\"https:\/\/gilsuc.com.br\/islandia\/aurora-1\/\" class=\"more-link\">Continuar a ler<span class=\"screen-reader-text\">Aurora 1<\/span> <span class=\"meta-nav\">&rarr;<\/span><\/a><\/p>\n","protected":false},"author":1,"featured_media":0,"parent":0,"menu_order":0,"comment_status":"open","ping_status":"closed","template":"page-templates\/full-width.php","meta":{"_monsterinsights_skip_tracking":false,"_monsterinsights_sitenote_active":false,"_monsterinsights_sitenote_note":"","_monsterinsights_sitenote_category":0,"ngg_post_thumbnail":0,"footnotes":""},"class_list":["post-1085","page","type-page","status-publish","hentry"],"jetpack_sharing_enabled":true,"_links":{"self":[{"href":"https:\/\/gilsuc.com.br\/islandia\/wp-json\/wp\/v2\/pages\/1085","targetHints":{"allow":["GET"]}}],"collection":[{"href":"https:\/\/gilsuc.com.br\/islandia\/wp-json\/wp\/v2\/pages"}],"about":[{"href":"https:\/\/gilsuc.com.br\/islandia\/wp-json\/wp\/v2\/types\/page"}],"author":[{"embeddable":true,"href":"https:\/\/gilsuc.com.br\/islandia\/wp-json\/wp\/v2\/users\/1"}],"replies":[{"embeddable":true,"href":"https:\/\/gilsuc.com.br\/islandia\/wp-json\/wp\/v2\/comments?post=1085"}],"version-history":[{"count":8,"href":"https:\/\/gilsuc.com.br\/islandia\/wp-json\/wp\/v2\/pages\/1085\/revisions"}],"predecessor-version":[{"id":2060,"href":"https:\/\/gilsuc.com.br\/islandia\/wp-json\/wp\/v2\/pages\/1085\/revisions\/2060"}],"wp:attachment":[{"href":"https:\/\/gilsuc.com.br\/islandia\/wp-json\/wp\/v2\/media?parent=1085"}],"curies":[{"name":"wp","href":"https:\/\/api.w.org\/{rel}","templated":true}]}}